{"id":12324,"date":"2024-01-16T19:12:27","date_gmt":"2024-01-16T19:12:27","guid":{"rendered":"https:\/\/www.eximcargo.com\/?page_id=12324"},"modified":"2024-12-19T15:55:59","modified_gmt":"2024-12-19T15:55:59","slug":"noticias","status":"publish","type":"page","link":"https:\/\/www.eximcargo.com\/es\/noticias\/","title":{"rendered":"Noticias"},"content":{"rendered":"\t\t<div data-elementor-type=\"wp-page\" data-elementor-id=\"12324\" class=\"elementor elementor-12324\" data-elementor-post-type=\"page\">\n\t\t\t\t<div class=\"elementor-element elementor-element-c705648 e-con-full elementor-hidden-tablet elementor-hidden-mobile e-flex e-con e-parent\" data-id=\"c705648\" data-element_type=\"container\" data-e-type=\"container\" data-settings=\"{&quot;background_background&quot;:&quot;classic&quot;}\">\n\t\t\t\t<\/div>\n\t\t<div class=\"elementor-element elementor-element-d9fe4bc e-con-full e-flex e-con e-parent\" data-id=\"d9fe4bc\" data-element_type=\"container\" data-e-type=\"container\">\n\t\t\t\t<div class=\"elementor-element elementor-element-cd89784 elementor-widget elementor-widget-heading\" data-id=\"cd89784\" data-element_type=\"widget\" data-e-type=\"widget\" data-widget_type=\"heading.default\">\n\t\t\t\t<div class=\"elementor-widget-container\">\n\t\t\t\t\t<h5 class=\"elementor-heading-title elementor-size-default\">Noticias<\/h5>\t\t\t\t<\/div>\n\t\t\t\t<\/div>\n\t\t\t\t<div class=\"elementor-element elementor-element-e0eb48a elementor-grid-3 elementor-grid-tablet-2 elementor-grid-mobile-1 elementor-posts--thumbnail-top elementor-widget elementor-widget-posts\" data-id=\"e0eb48a\" data-element_type=\"widget\" data-e-type=\"widget\" data-settings=\"{&quot;pagination_type&quot;:&quot;numbers&quot;,&quot;classic_columns&quot;:&quot;3&quot;,&quot;classic_columns_tablet&quot;:&quot;2&quot;,&quot;classic_columns_mobile&quot;:&quot;1&quot;,&quot;classic_row_gap&quot;:{&quot;unit&quot;:&quot;px&quot;,&quot;size&quot;:35,&quot;sizes&quot;:[]},&quot;classic_row_gap_tablet&quot;:{&quot;unit&quot;:&quot;px&quot;,&quot;size&quot;:&quot;&quot;,&quot;sizes&quot;:[]},&quot;classic_row_gap_mobile&quot;:{&quot;unit&quot;:&quot;px&quot;,&quot;size&quot;:&quot;&quot;,&quot;sizes&quot;:[]}}\" data-widget_type=\"posts.classic\">\n\t\t\t\t<div class=\"elementor-widget-container\">\n\t\t\t\t\t\t\t<div class=\"elementor-posts-container elementor-posts elementor-posts--skin-classic elementor-grid\" role=\"list\">\n\t\t\t\t<article class=\"elementor-post elementor-grid-item post-12732 post type-post status-publish format-standard has-post-thumbnail hentry category-sin-categorizar\" role=\"listitem\">\n\t\t\t\t<a class=\"elementor-post__thumbnail__link\" href=\"https:\/\/www.eximcargo.com\/es\/multimodalidad-cuando-conviene-y-cuando-no\/\" tabindex=\"-1\" >\n\t\t\t<div class=\"elementor-post__thumbnail\"><img fetchpriority=\"high\" decoding=\"async\" width=\"768\" height=\"576\" src=\"https:\/\/www.eximcargo.com\/wp-content\/uploads\/Sin-titulo-1-copia-48-768x576.jpg\" class=\"attachment-medium_large size-medium_large wp-image-12733\" alt=\"\" srcset=\"https:\/\/www.eximcargo.com\/wp-content\/uploads\/Sin-titulo-1-copia-48-768x576.jpg 768w, https:\/\/www.eximcargo.com\/wp-content\/uploads\/Sin-titulo-1-copia-48-300x225.jpg 300w, https:\/\/www.eximcargo.com\/wp-content\/uploads\/Sin-titulo-1-copia-48-150x113.jpg 150w, https:\/\/www.eximcargo.com\/wp-content\/uploads\/Sin-titulo-1-copia-48-650x488.jpg 650w, https:\/\/www.eximcargo.com\/wp-content\/uploads\/Sin-titulo-1-copia-48.jpg 800w\" sizes=\"(max-width: 768px) 100vw, 768px\" \/><\/div>\n\t\t<\/a>\n\t\t\t\t<div class=\"elementor-post__text\">\n\t\t\t\t<h3 class=\"elementor-post__title\">\n\t\t\t<a href=\"https:\/\/www.eximcargo.com\/es\/multimodalidad-cuando-conviene-y-cuando-no\/\" >\n\t\t\t\tMultimodalidad: cu\u00e1ndo conviene y cu\u00e1ndo no\t\t\t<\/a>\n\t\t<\/h3>\n\t\t\t\t<div class=\"elementor-post__excerpt\">\n\t\t\t<p>Multimodalidad: cu\u00e1ndo conviene y cu\u00e1ndo no En un escenario log\u00edstico cada vez m\u00e1s exigente, donde los costos, los tiempos y la flexibilidad definen la competitividad<\/p>\n\t\t<\/div>\n\t\t\t\t\t<div class=\"elementor-post__read-more-wrapper\">\n\t\t\n\t\t<a class=\"elementor-post__read-more\" href=\"https:\/\/www.eximcargo.com\/es\/multimodalidad-cuando-conviene-y-cuando-no\/\" aria-label=\"M\u00e1s informaci\u00f3n sobre Multimodalidad: cu\u00e1ndo conviene y cu\u00e1ndo no\" tabindex=\"-1\" >\n\t\t\tLeer noticia \u00bb\t\t<\/a>\n\n\t\t\t\t\t<\/div>\n\t\t\t\t<\/div>\n\t\t\t\t<\/article>\n\t\t\t\t<article class=\"elementor-post elementor-grid-item post-12728 post type-post status-publish format-standard has-post-thumbnail hentry category-sin-categorizar\" role=\"listitem\">\n\t\t\t\t<a class=\"elementor-post__thumbnail__link\" href=\"https:\/\/www.eximcargo.com\/es\/el-rol-estrategico-del-freight-forwarder-en-2026\/\" tabindex=\"-1\" >\n\t\t\t<div class=\"elementor-post__thumbnail\"><img decoding=\"async\" width=\"768\" height=\"576\" data-src=\"https:\/\/www.eximcargo.com\/wp-content\/uploads\/Sin-titulo-1-copia-47-768x576.jpg\" class=\"attachment-medium_large size-medium_large wp-image-12727 lazyload\" alt=\"\" data-srcset=\"https:\/\/www.eximcargo.com\/wp-content\/uploads\/Sin-titulo-1-copia-47-768x576.jpg 768w, https:\/\/www.eximcargo.com\/wp-content\/uploads\/Sin-titulo-1-copia-47-300x225.jpg 300w, https:\/\/www.eximcargo.com\/wp-content\/uploads\/Sin-titulo-1-copia-47-150x113.jpg 150w, https:\/\/www.eximcargo.com\/wp-content\/uploads\/Sin-titulo-1-copia-47-650x488.jpg 650w, https:\/\/www.eximcargo.com\/wp-content\/uploads\/Sin-titulo-1-copia-47.jpg 800w\" data-sizes=\"(max-width: 768px) 100vw, 768px\" src=\"data:image\/svg+xml;base64,PHN2ZyB3aWR0aD0iMSIgaGVpZ2h0PSIxIiB4bWxucz0iaHR0cDovL3d3dy53My5vcmcvMjAwMC9zdmciPjwvc3ZnPg==\" style=\"--smush-placeholder-width: 768px; --smush-placeholder-aspect-ratio: 768\/576;\" \/><\/div>\n\t\t<\/a>\n\t\t\t\t<div class=\"elementor-post__text\">\n\t\t\t\t<h3 class=\"elementor-post__title\">\n\t\t\t<a href=\"https:\/\/www.eximcargo.com\/es\/el-rol-estrategico-del-freight-forwarder-en-2026\/\" >\n\t\t\t\tEl rol estrat\u00e9gico del freight forwarder en 2026\t\t\t<\/a>\n\t\t<\/h3>\n\t\t\t\t<div class=\"elementor-post__excerpt\">\n\t\t\t<p>El rol estrat\u00e9gico del freight forwarder en 2026 Durante muchos a\u00f1os, el freight forwarder fue visto principalmente como un intermediario encargado de coordinar embarques internacionales.<\/p>\n\t\t<\/div>\n\t\t\t\t\t<div class=\"elementor-post__read-more-wrapper\">\n\t\t\n\t\t<a class=\"elementor-post__read-more\" href=\"https:\/\/www.eximcargo.com\/es\/el-rol-estrategico-del-freight-forwarder-en-2026\/\" aria-label=\"M\u00e1s informaci\u00f3n sobre El rol estrat\u00e9gico del freight forwarder en 2026\" tabindex=\"-1\" >\n\t\t\tLeer noticia \u00bb\t\t<\/a>\n\n\t\t\t\t\t<\/div>\n\t\t\t\t<\/div>\n\t\t\t\t<\/article>\n\t\t\t\t<article class=\"elementor-post elementor-grid-item post-12721 post type-post status-publish format-standard has-post-thumbnail hentry category-sin-categorizar\" role=\"listitem\">\n\t\t\t\t<a class=\"elementor-post__thumbnail__link\" href=\"https:\/\/www.eximcargo.com\/es\/cierre-de-puertos-y-aeropuertos-impacto-en-la-logistica-internacional-y-como-anticiparse\/\" tabindex=\"-1\" >\n\t\t\t<div class=\"elementor-post__thumbnail\"><img decoding=\"async\" width=\"768\" height=\"576\" data-src=\"https:\/\/www.eximcargo.com\/wp-content\/uploads\/Sin-titulo-1-copia-46-768x576.jpg\" class=\"attachment-medium_large size-medium_large wp-image-12722 lazyload\" alt=\"\" data-srcset=\"https:\/\/www.eximcargo.com\/wp-content\/uploads\/Sin-titulo-1-copia-46-768x576.jpg 768w, https:\/\/www.eximcargo.com\/wp-content\/uploads\/Sin-titulo-1-copia-46-300x225.jpg 300w, https:\/\/www.eximcargo.com\/wp-content\/uploads\/Sin-titulo-1-copia-46-150x113.jpg 150w, https:\/\/www.eximcargo.com\/wp-content\/uploads\/Sin-titulo-1-copia-46-650x488.jpg 650w, https:\/\/www.eximcargo.com\/wp-content\/uploads\/Sin-titulo-1-copia-46.jpg 800w\" data-sizes=\"(max-width: 768px) 100vw, 768px\" src=\"data:image\/svg+xml;base64,PHN2ZyB3aWR0aD0iMSIgaGVpZ2h0PSIxIiB4bWxucz0iaHR0cDovL3d3dy53My5vcmcvMjAwMC9zdmciPjwvc3ZnPg==\" style=\"--smush-placeholder-width: 768px; --smush-placeholder-aspect-ratio: 768\/576;\" \/><\/div>\n\t\t<\/a>\n\t\t\t\t<div class=\"elementor-post__text\">\n\t\t\t\t<h3 class=\"elementor-post__title\">\n\t\t\t<a href=\"https:\/\/www.eximcargo.com\/es\/cierre-de-puertos-y-aeropuertos-impacto-en-la-logistica-internacional-y-como-anticiparse\/\" >\n\t\t\t\tCierre de puertos y aeropuertos: impacto en la log\u00edstica internacional y c\u00f3mo anticiparse\t\t\t<\/a>\n\t\t<\/h3>\n\t\t\t\t<div class=\"elementor-post__excerpt\">\n\t\t\t<p>Cierre de puertos y aeropuertos: impacto en la log\u00edstica internacional y c\u00f3mo anticiparse &nbsp; En escenarios de escalada regional, la log\u00edstica internacional no se altera<\/p>\n\t\t<\/div>\n\t\t\t\t\t<div class=\"elementor-post__read-more-wrapper\">\n\t\t\n\t\t<a class=\"elementor-post__read-more\" href=\"https:\/\/www.eximcargo.com\/es\/cierre-de-puertos-y-aeropuertos-impacto-en-la-logistica-internacional-y-como-anticiparse\/\" aria-label=\"M\u00e1s informaci\u00f3n sobre Cierre de puertos y aeropuertos: impacto en la log\u00edstica internacional y c\u00f3mo anticiparse\" tabindex=\"-1\" >\n\t\t\tLeer noticia \u00bb\t\t<\/a>\n\n\t\t\t\t\t<\/div>\n\t\t\t\t<\/div>\n\t\t\t\t<\/article>\n\t\t\t\t<article class=\"elementor-post elementor-grid-item post-12716 post type-post status-publish format-standard has-post-thumbnail hentry category-sin-categorizar\" role=\"listitem\">\n\t\t\t\t<a class=\"elementor-post__thumbnail__link\" href=\"https:\/\/www.eximcargo.com\/es\/hapag-lloyd-y-zim-anuncian-su-fusion-que-implica-para-el-comercio-internacional\/\" tabindex=\"-1\" >\n\t\t\t<div class=\"elementor-post__thumbnail\"><img decoding=\"async\" width=\"768\" height=\"576\" data-src=\"https:\/\/www.eximcargo.com\/wp-content\/uploads\/Sin-titulo-1-copia-45-768x576.jpg\" class=\"attachment-medium_large size-medium_large wp-image-12717 lazyload\" alt=\"\" data-srcset=\"https:\/\/www.eximcargo.com\/wp-content\/uploads\/Sin-titulo-1-copia-45-768x576.jpg 768w, https:\/\/www.eximcargo.com\/wp-content\/uploads\/Sin-titulo-1-copia-45-300x225.jpg 300w, https:\/\/www.eximcargo.com\/wp-content\/uploads\/Sin-titulo-1-copia-45-150x113.jpg 150w, https:\/\/www.eximcargo.com\/wp-content\/uploads\/Sin-titulo-1-copia-45-650x488.jpg 650w, https:\/\/www.eximcargo.com\/wp-content\/uploads\/Sin-titulo-1-copia-45.jpg 800w\" data-sizes=\"(max-width: 768px) 100vw, 768px\" src=\"data:image\/svg+xml;base64,PHN2ZyB3aWR0aD0iMSIgaGVpZ2h0PSIxIiB4bWxucz0iaHR0cDovL3d3dy53My5vcmcvMjAwMC9zdmciPjwvc3ZnPg==\" style=\"--smush-placeholder-width: 768px; --smush-placeholder-aspect-ratio: 768\/576;\" \/><\/div>\n\t\t<\/a>\n\t\t\t\t<div class=\"elementor-post__text\">\n\t\t\t\t<h3 class=\"elementor-post__title\">\n\t\t\t<a href=\"https:\/\/www.eximcargo.com\/es\/hapag-lloyd-y-zim-anuncian-su-fusion-que-implica-para-el-comercio-internacional\/\" >\n\t\t\t\tHapag-Lloyd y ZIM anuncian su fusi\u00f3n: qu\u00e9 implica para el comercio internacional\t\t\t<\/a>\n\t\t<\/h3>\n\t\t\t\t<div class=\"elementor-post__excerpt\">\n\t\t\t<p>Hapag-Lloyd y ZIM anuncian su fusi\u00f3n: qu\u00e9 implica para el comercio internacional. El 16 de febrero de 2026, Hapag-Lloyd anunci\u00f3 la firma de un acuerdo<\/p>\n\t\t<\/div>\n\t\t\t\t\t<div class=\"elementor-post__read-more-wrapper\">\n\t\t\n\t\t<a class=\"elementor-post__read-more\" href=\"https:\/\/www.eximcargo.com\/es\/hapag-lloyd-y-zim-anuncian-su-fusion-que-implica-para-el-comercio-internacional\/\" aria-label=\"M\u00e1s informaci\u00f3n sobre Hapag-Lloyd y ZIM anuncian su fusi\u00f3n: qu\u00e9 implica para el comercio internacional\" tabindex=\"-1\" >\n\t\t\tLeer noticia \u00bb\t\t<\/a>\n\n\t\t\t\t\t<\/div>\n\t\t\t\t<\/div>\n\t\t\t\t<\/article>\n\t\t\t\t<article class=\"elementor-post elementor-grid-item post-12711 post type-post status-publish format-standard has-post-thumbnail hentry category-sin-categorizar\" role=\"listitem\">\n\t\t\t\t<a class=\"elementor-post__thumbnail__link\" href=\"https:\/\/www.eximcargo.com\/es\/el-ebl-la-digitalizacion-del-conocimiento-de-embarque-ya-es-una-realidad-en-el-comercio-exterior\/\" tabindex=\"-1\" >\n\t\t\t<div class=\"elementor-post__thumbnail\"><img decoding=\"async\" width=\"768\" height=\"576\" data-src=\"https:\/\/www.eximcargo.com\/wp-content\/uploads\/Sin-titulo-1-copia-44-768x576.jpg\" class=\"attachment-medium_large size-medium_large wp-image-12712 lazyload\" alt=\"\" data-srcset=\"https:\/\/www.eximcargo.com\/wp-content\/uploads\/Sin-titulo-1-copia-44-768x576.jpg 768w, https:\/\/www.eximcargo.com\/wp-content\/uploads\/Sin-titulo-1-copia-44-300x225.jpg 300w, https:\/\/www.eximcargo.com\/wp-content\/uploads\/Sin-titulo-1-copia-44-150x113.jpg 150w, https:\/\/www.eximcargo.com\/wp-content\/uploads\/Sin-titulo-1-copia-44-650x488.jpg 650w, https:\/\/www.eximcargo.com\/wp-content\/uploads\/Sin-titulo-1-copia-44.jpg 800w\" data-sizes=\"(max-width: 768px) 100vw, 768px\" src=\"data:image\/svg+xml;base64,PHN2ZyB3aWR0aD0iMSIgaGVpZ2h0PSIxIiB4bWxucz0iaHR0cDovL3d3dy53My5vcmcvMjAwMC9zdmciPjwvc3ZnPg==\" style=\"--smush-placeholder-width: 768px; --smush-placeholder-aspect-ratio: 768\/576;\" \/><\/div>\n\t\t<\/a>\n\t\t\t\t<div class=\"elementor-post__text\">\n\t\t\t\t<h3 class=\"elementor-post__title\">\n\t\t\t<a href=\"https:\/\/www.eximcargo.com\/es\/el-ebl-la-digitalizacion-del-conocimiento-de-embarque-ya-es-una-realidad-en-el-comercio-exterior\/\" >\n\t\t\t\tEl eBL: la digitalizaci\u00f3n del Conocimiento de Embarque ya es una realidad en el comercio exterior\t\t\t<\/a>\n\t\t<\/h3>\n\t\t\t\t<div class=\"elementor-post__excerpt\">\n\t\t\t<p>El eBL: la digitalizaci\u00f3n del Conocimiento de Embarque ya es una realidad en el comercio exterior La digitalizaci\u00f3n del comercio exterior avanza a pasos firmes<\/p>\n\t\t<\/div>\n\t\t\t\t\t<div class=\"elementor-post__read-more-wrapper\">\n\t\t\n\t\t<a class=\"elementor-post__read-more\" href=\"https:\/\/www.eximcargo.com\/es\/el-ebl-la-digitalizacion-del-conocimiento-de-embarque-ya-es-una-realidad-en-el-comercio-exterior\/\" aria-label=\"M\u00e1s informaci\u00f3n sobre El eBL: la digitalizaci\u00f3n del Conocimiento de Embarque ya es una realidad en el comercio exterior\" tabindex=\"-1\" >\n\t\t\tLeer noticia \u00bb\t\t<\/a>\n\n\t\t\t\t\t<\/div>\n\t\t\t\t<\/div>\n\t\t\t\t<\/article>\n\t\t\t\t<article class=\"elementor-post elementor-grid-item post-12706 post type-post status-publish format-standard has-post-thumbnail hentry category-sin-categorizar\" role=\"listitem\">\n\t\t\t\t<a class=\"elementor-post__thumbnail__link\" href=\"https:\/\/www.eximcargo.com\/es\/que-es-el-ano-nuevo-chino-y-por-que-afecta-al-mundo\/\" tabindex=\"-1\" >\n\t\t\t<div class=\"elementor-post__thumbnail\"><img decoding=\"async\" width=\"768\" height=\"576\" data-src=\"https:\/\/www.eximcargo.com\/wp-content\/uploads\/Sin-titulo-1-copia-43-768x576.jpg\" class=\"attachment-medium_large size-medium_large wp-image-12707 lazyload\" alt=\"\" data-srcset=\"https:\/\/www.eximcargo.com\/wp-content\/uploads\/Sin-titulo-1-copia-43-768x576.jpg 768w, https:\/\/www.eximcargo.com\/wp-content\/uploads\/Sin-titulo-1-copia-43-300x225.jpg 300w, https:\/\/www.eximcargo.com\/wp-content\/uploads\/Sin-titulo-1-copia-43-150x113.jpg 150w, https:\/\/www.eximcargo.com\/wp-content\/uploads\/Sin-titulo-1-copia-43-650x488.jpg 650w, https:\/\/www.eximcargo.com\/wp-content\/uploads\/Sin-titulo-1-copia-43.jpg 800w\" data-sizes=\"(max-width: 768px) 100vw, 768px\" src=\"data:image\/svg+xml;base64,PHN2ZyB3aWR0aD0iMSIgaGVpZ2h0PSIxIiB4bWxucz0iaHR0cDovL3d3dy53My5vcmcvMjAwMC9zdmciPjwvc3ZnPg==\" style=\"--smush-placeholder-width: 768px; --smush-placeholder-aspect-ratio: 768\/576;\" \/><\/div>\n\t\t<\/a>\n\t\t\t\t<div class=\"elementor-post__text\">\n\t\t\t\t<h3 class=\"elementor-post__title\">\n\t\t\t<a href=\"https:\/\/www.eximcargo.com\/es\/que-es-el-ano-nuevo-chino-y-por-que-afecta-al-mundo\/\" >\n\t\t\t\t\u00bfQu\u00e9 es el A\u00f1o Nuevo Chino y por qu\u00e9 afecta al mundo?\t\t\t<\/a>\n\t\t<\/h3>\n\t\t\t\t<div class=\"elementor-post__excerpt\">\n\t\t\t<p>\u00bfQu\u00e9 es el A\u00f1o Nuevo Chino y por qu\u00e9 afecta al mundo? Durante el A\u00f1o Nuevo Chino (del 17 al 24 de Febrero 2026), gran<\/p>\n\t\t<\/div>\n\t\t\t\t\t<div class=\"elementor-post__read-more-wrapper\">\n\t\t\n\t\t<a class=\"elementor-post__read-more\" href=\"https:\/\/www.eximcargo.com\/es\/que-es-el-ano-nuevo-chino-y-por-que-afecta-al-mundo\/\" aria-label=\"M\u00e1s informaci\u00f3n sobre \u00bfQu\u00e9 es el A\u00f1o Nuevo Chino y por qu\u00e9 afecta al mundo?\" tabindex=\"-1\" >\n\t\t\tLeer noticia \u00bb\t\t<\/a>\n\n\t\t\t\t\t<\/div>\n\t\t\t\t<\/div>\n\t\t\t\t<\/article>\n\t\t\t\t<article class=\"elementor-post elementor-grid-item post-12700 post type-post status-publish format-standard has-post-thumbnail hentry category-sin-categorizar\" role=\"listitem\">\n\t\t\t\t<a class=\"elementor-post__thumbnail__link\" href=\"https:\/\/www.eximcargo.com\/es\/un-gigante-del-mar-se-acerca-al-rio-de-la-plata-el-one-strength-hara-escala-en-dock-sud\/\" tabindex=\"-1\" >\n\t\t\t<div class=\"elementor-post__thumbnail\"><img decoding=\"async\" width=\"768\" height=\"576\" data-src=\"https:\/\/www.eximcargo.com\/wp-content\/uploads\/Sin-titulo-1-copia-42-768x576.jpg\" class=\"attachment-medium_large size-medium_large wp-image-12701 lazyload\" alt=\"\" data-srcset=\"https:\/\/www.eximcargo.com\/wp-content\/uploads\/Sin-titulo-1-copia-42-768x576.jpg 768w, https:\/\/www.eximcargo.com\/wp-content\/uploads\/Sin-titulo-1-copia-42-300x225.jpg 300w, https:\/\/www.eximcargo.com\/wp-content\/uploads\/Sin-titulo-1-copia-42-150x113.jpg 150w, https:\/\/www.eximcargo.com\/wp-content\/uploads\/Sin-titulo-1-copia-42-650x488.jpg 650w, https:\/\/www.eximcargo.com\/wp-content\/uploads\/Sin-titulo-1-copia-42.jpg 800w\" data-sizes=\"(max-width: 768px) 100vw, 768px\" src=\"data:image\/svg+xml;base64,PHN2ZyB3aWR0aD0iMSIgaGVpZ2h0PSIxIiB4bWxucz0iaHR0cDovL3d3dy53My5vcmcvMjAwMC9zdmciPjwvc3ZnPg==\" style=\"--smush-placeholder-width: 768px; --smush-placeholder-aspect-ratio: 768\/576;\" \/><\/div>\n\t\t<\/a>\n\t\t\t\t<div class=\"elementor-post__text\">\n\t\t\t\t<h3 class=\"elementor-post__title\">\n\t\t\t<a href=\"https:\/\/www.eximcargo.com\/es\/un-gigante-del-mar-se-acerca-al-rio-de-la-plata-el-one-strength-hara-escala-en-dock-sud\/\" >\n\t\t\t\tUn gigante del mar se acerca al R\u00edo de la Plata: el ONE Strength har\u00e1 escala en Dock Sud\t\t\t<\/a>\n\t\t<\/h3>\n\t\t\t\t<div class=\"elementor-post__excerpt\">\n\t\t\t<p>El tr\u00e1fico mar\u00edtimo del Cono Sur suma un nuevo cap\u00edtulo hist\u00f3rico con la llegada del ONE Strength, uno de los portacontenedores de mayor porte que<\/p>\n\t\t<\/div>\n\t\t\t\t\t<div class=\"elementor-post__read-more-wrapper\">\n\t\t\n\t\t<a class=\"elementor-post__read-more\" href=\"https:\/\/www.eximcargo.com\/es\/un-gigante-del-mar-se-acerca-al-rio-de-la-plata-el-one-strength-hara-escala-en-dock-sud\/\" aria-label=\"M\u00e1s informaci\u00f3n sobre Un gigante del mar se acerca al R\u00edo de la Plata: el ONE Strength har\u00e1 escala en Dock Sud\" tabindex=\"-1\" >\n\t\t\tLeer noticia \u00bb\t\t<\/a>\n\n\t\t\t\t\t<\/div>\n\t\t\t\t<\/div>\n\t\t\t\t<\/article>\n\t\t\t\t<article class=\"elementor-post elementor-grid-item post-12694 post type-post status-publish format-standard has-post-thumbnail hentry\" role=\"listitem\">\n\t\t\t\t<a class=\"elementor-post__thumbnail__link\" href=\"https:\/\/www.eximcargo.com\/es\/estados-unidos-y-argentina-avanzan-en-un-marco-de-acuerdo-comercial-que-significa-para-el-comercio-exterior\/\" tabindex=\"-1\" >\n\t\t\t<div class=\"elementor-post__thumbnail\"><img decoding=\"async\" width=\"768\" height=\"576\" data-src=\"https:\/\/www.eximcargo.com\/wp-content\/uploads\/Sin-titulo-1-copia-41-768x576.jpg\" class=\"attachment-medium_large size-medium_large wp-image-12695 lazyload\" alt=\"\" data-srcset=\"https:\/\/www.eximcargo.com\/wp-content\/uploads\/Sin-titulo-1-copia-41-768x576.jpg 768w, https:\/\/www.eximcargo.com\/wp-content\/uploads\/Sin-titulo-1-copia-41-300x225.jpg 300w, https:\/\/www.eximcargo.com\/wp-content\/uploads\/Sin-titulo-1-copia-41-150x113.jpg 150w, https:\/\/www.eximcargo.com\/wp-content\/uploads\/Sin-titulo-1-copia-41-650x488.jpg 650w, https:\/\/www.eximcargo.com\/wp-content\/uploads\/Sin-titulo-1-copia-41.jpg 800w\" data-sizes=\"(max-width: 768px) 100vw, 768px\" src=\"data:image\/svg+xml;base64,PHN2ZyB3aWR0aD0iMSIgaGVpZ2h0PSIxIiB4bWxucz0iaHR0cDovL3d3dy53My5vcmcvMjAwMC9zdmciPjwvc3ZnPg==\" style=\"--smush-placeholder-width: 768px; --smush-placeholder-aspect-ratio: 768\/576;\" \/><\/div>\n\t\t<\/a>\n\t\t\t\t<div class=\"elementor-post__text\">\n\t\t\t\t<h3 class=\"elementor-post__title\">\n\t\t\t<a href=\"https:\/\/www.eximcargo.com\/es\/estados-unidos-y-argentina-avanzan-en-un-marco-de-acuerdo-comercial-que-significa-para-el-comercio-exterior\/\" >\n\t\t\t\tEstados Unidos y Argentina avanzan en un Marco de Acuerdo Comercial: qu\u00e9 significa para el comercio exterior\t\t\t<\/a>\n\t\t<\/h3>\n\t\t\t\t<div class=\"elementor-post__excerpt\">\n\t\t\t<p>&nbsp; El 13 de noviembre de 2025, Estados Unidos y Argentina publicaron un comunicado conjunto anunciando un Framework for an Agreement on Reciprocal Trade and<\/p>\n\t\t<\/div>\n\t\t\t\t\t<div class=\"elementor-post__read-more-wrapper\">\n\t\t\n\t\t<a class=\"elementor-post__read-more\" href=\"https:\/\/www.eximcargo.com\/es\/estados-unidos-y-argentina-avanzan-en-un-marco-de-acuerdo-comercial-que-significa-para-el-comercio-exterior\/\" aria-label=\"M\u00e1s informaci\u00f3n sobre Estados Unidos y Argentina avanzan en un Marco de Acuerdo Comercial: qu\u00e9 significa para el comercio exterior\" tabindex=\"-1\" >\n\t\t\tLeer noticia \u00bb\t\t<\/a>\n\n\t\t\t\t\t<\/div>\n\t\t\t\t<\/div>\n\t\t\t\t<\/article>\n\t\t\t\t<article class=\"elementor-post elementor-grid-item post-12690 post type-post status-publish format-standard has-post-thumbnail hentry category-sin-categorizar\" role=\"listitem\">\n\t\t\t\t<a class=\"elementor-post__thumbnail__link\" href=\"https:\/\/www.eximcargo.com\/es\/el-invento-que-transformo-el-comercio-mundial\/\" tabindex=\"-1\" >\n\t\t\t<div class=\"elementor-post__thumbnail\"><img decoding=\"async\" width=\"768\" height=\"576\" data-src=\"https:\/\/www.eximcargo.com\/wp-content\/uploads\/Sin-titulo-1-copia-40-768x576.jpg\" class=\"attachment-medium_large size-medium_large wp-image-12691 lazyload\" alt=\"\" data-srcset=\"https:\/\/www.eximcargo.com\/wp-content\/uploads\/Sin-titulo-1-copia-40-768x576.jpg 768w, https:\/\/www.eximcargo.com\/wp-content\/uploads\/Sin-titulo-1-copia-40-300x225.jpg 300w, https:\/\/www.eximcargo.com\/wp-content\/uploads\/Sin-titulo-1-copia-40-150x113.jpg 150w, https:\/\/www.eximcargo.com\/wp-content\/uploads\/Sin-titulo-1-copia-40-650x488.jpg 650w, https:\/\/www.eximcargo.com\/wp-content\/uploads\/Sin-titulo-1-copia-40.jpg 800w\" data-sizes=\"(max-width: 768px) 100vw, 768px\" src=\"data:image\/svg+xml;base64,PHN2ZyB3aWR0aD0iMSIgaGVpZ2h0PSIxIiB4bWxucz0iaHR0cDovL3d3dy53My5vcmcvMjAwMC9zdmciPjwvc3ZnPg==\" style=\"--smush-placeholder-width: 768px; --smush-placeholder-aspect-ratio: 768\/576;\" \/><\/div>\n\t\t<\/a>\n\t\t\t\t<div class=\"elementor-post__text\">\n\t\t\t\t<h3 class=\"elementor-post__title\">\n\t\t\t<a href=\"https:\/\/www.eximcargo.com\/es\/el-invento-que-transformo-el-comercio-mundial\/\" >\n\t\t\t\tEl invento que transform\u00f3 el comercio mundial\t\t\t<\/a>\n\t\t<\/h3>\n\t\t\t\t<div class=\"elementor-post__excerpt\">\n\t\t\t<p>En la historia del comercio global hay un antes y un despu\u00e9s del contenedor mar\u00edtimo. Este invento, tan cotidiano hoy como revolucionario en su momento,<\/p>\n\t\t<\/div>\n\t\t\t\t\t<div class=\"elementor-post__read-more-wrapper\">\n\t\t\n\t\t<a class=\"elementor-post__read-more\" href=\"https:\/\/www.eximcargo.com\/es\/el-invento-que-transformo-el-comercio-mundial\/\" aria-label=\"M\u00e1s informaci\u00f3n sobre El invento que transform\u00f3 el comercio mundial\" tabindex=\"-1\" >\n\t\t\tLeer noticia \u00bb\t\t<\/a>\n\n\t\t\t\t\t<\/div>\n\t\t\t\t<\/div>\n\t\t\t\t<\/article>\n\t\t\t\t<\/div>\n\t\t\n\t\t\t\t<div class=\"e-load-more-anchor\" data-page=\"1\" data-max-page=\"6\" data-next-page=\"https:\/\/www.eximcargo.com\/es\/wp-json\/wp\/v2\/pages\/12324\/page\/2\/\"><\/div>\n\t\t\t\t<nav class=\"elementor-pagination\" aria-label=\"Paginaci\u00f3n\">\n\t\t\t<span aria-current=\"page\" class=\"page-numbers current\"><span class=\"elementor-screen-only\">P\u00e1gina<\/span>1<\/span>\n<a class=\"page-numbers\" href=\"https:\/\/www.eximcargo.com\/es\/wp-json\/wp\/v2\/pages\/12324\/page\/2\/\"><span class=\"elementor-screen-only\">P\u00e1gina<\/span>2<\/a>\n<a class=\"page-numbers\" href=\"https:\/\/www.eximcargo.com\/es\/wp-json\/wp\/v2\/pages\/12324\/page\/3\/\"><span class=\"elementor-screen-only\">P\u00e1gina<\/span>3<\/a>\n<a class=\"page-numbers\" href=\"https:\/\/www.eximcargo.com\/es\/wp-json\/wp\/v2\/pages\/12324\/page\/4\/\"><span class=\"elementor-screen-only\">P\u00e1gina<\/span>4<\/a>\n<a class=\"page-numbers\" href=\"https:\/\/www.eximcargo.com\/es\/wp-json\/wp\/v2\/pages\/12324\/page\/5\/\"><span class=\"elementor-screen-only\">P\u00e1gina<\/span>5<\/a>\t\t<\/nav>\n\t\t\t\t\t\t<\/div>\n\t\t\t\t<\/div>\n\t\t\t\t<\/div>\n\t\t\t\t<\/div>\n\t\t","protected":false},"excerpt":{"rendered":"<p>Noticias<\/p>\n","protected":false},"author":2,"featured_media":0,"parent":0,"menu_order":0,"comment_status":"closed","ping_status":"closed","template":"","meta":{"footnotes":""},"class_list":["post-12324","page","type-page","status-publish","hentry"],"_links":{"self":[{"href":"https:\/\/www.eximcargo.com\/es\/wp-json\/wp\/v2\/pages\/12324","targetHints":{"allow":["GET"]}}],"collection":[{"href":"https:\/\/www.eximcargo.com\/es\/wp-json\/wp\/v2\/pages"}],"about":[{"href":"https:\/\/www.eximcargo.com\/es\/wp-json\/wp\/v2\/types\/page"}],"author":[{"embeddable":true,"href":"https:\/\/www.eximcargo.com\/es\/wp-json\/wp\/v2\/users\/2"}],"replies":[{"embeddable":true,"href":"https:\/\/www.eximcargo.com\/es\/wp-json\/wp\/v2\/comments?post=12324"}],"version-history":[{"count":3,"href":"https:\/\/www.eximcargo.com\/es\/wp-json\/wp\/v2\/pages\/12324\/revisions"}],"predecessor-version":[{"id":12481,"href":"https:\/\/www.eximcargo.com\/es\/wp-json\/wp\/v2\/pages\/12324\/revisions\/12481"}],"wp:attachment":[{"href":"https:\/\/www.eximcargo.com\/es\/wp-json\/wp\/v2\/media?parent=12324"}],"curies":[{"name":"wp","href":"https:\/\/api.w.org\/{rel}","templated":true}]}}