{"id":12212,"date":"2023-02-01T16:39:57","date_gmt":"2023-02-01T16:39:57","guid":{"rendered":"https:\/\/www.eximcargo.com\/cookies\/"},"modified":"2023-05-23T17:32:21","modified_gmt":"2023-05-23T17:32:21","slug":"cookies","status":"publish","type":"page","link":"https:\/\/www.eximcargo.com\/es\/cookies\/","title":{"rendered":"Cookies"},"content":{"rendered":"\t\t<div data-elementor-type=\"wp-page\" data-elementor-id=\"12212\" class=\"elementor elementor-12212 elementor-9241\" data-elementor-post-type=\"page\">\n\t\t\t\t\t\t<section class=\"elementor-section elementor-top-section elementor-element elementor-element-6e8eb91 elementor-section-stretched elementor-section-boxed elementor-section-height-default elementor-section-height-default qodef-elementor-content-no\" data-id=\"6e8eb91\" data-element_type=\"section\" data-e-type=\"section\" data-settings=\"{&quot;stretch_section&quot;:&quot;section-stretched&quot;,&quot;background_background&quot;:&quot;slideshow&quot;,&quot;background_slideshow_gallery&quot;:[{&quot;id&quot;:8700,&quot;url&quot;:&quot;https:\\\/\\\/www.eximcargo.com\\\/wp-content\\\/uploads\\\/2023\\\/01\\\/about-us.jpg&quot;}],&quot;background_slideshow_loop&quot;:&quot;yes&quot;,&quot;background_slideshow_slide_duration&quot;:5000,&quot;background_slideshow_slide_transition&quot;:&quot;fade&quot;,&quot;background_slideshow_transition_duration&quot;:500}\">\n\t\t\t\t\t\t<div class=\"elementor-container elementor-column-gap-default\">\n\t\t\t\t\t<div class=\"elementor-column elementor-col-100 elementor-top-column elementor-element elementor-element-a599f3e\" data-id=\"a599f3e\" data-element_type=\"column\" data-e-type=\"column\">\n\t\t\t<div class=\"elementor-widget-wrap\">\n\t\t\t\t\t\t\t<\/div>\n\t\t<\/div>\n\t\t\t\t\t<\/div>\n\t\t<\/section>\n\t\t\t\t<section class=\"elementor-section elementor-top-section elementor-element elementor-element-0a83226 elementor-section-full_width elementor-section-height-default elementor-section-height-default qodef-elementor-content-no\" data-id=\"0a83226\" data-element_type=\"section\" data-e-type=\"section\">\n\t\t\t\t\t\t<div class=\"elementor-container elementor-column-gap-default\">\n\t\t\t\t\t<div class=\"elementor-column elementor-col-100 elementor-top-column elementor-element elementor-element-8b02986\" data-id=\"8b02986\" data-element_type=\"column\" data-e-type=\"column\">\n\t\t\t<div class=\"elementor-widget-wrap elementor-element-populated\">\n\t\t\t\t\t\t<div class=\"elementor-element elementor-element-6617d3c elementor-widget elementor-widget-heading\" data-id=\"6617d3c\" data-element_type=\"widget\" data-e-type=\"widget\" data-widget_type=\"heading.default\">\n\t\t\t\t<div class=\"elementor-widget-container\">\n\t\t\t\t\t<h1 class=\"elementor-heading-title elementor-size-default\">Cookies<\/h1>\t\t\t\t<\/div>\n\t\t\t\t<\/div>\n\t\t\t\t\t<\/div>\n\t\t<\/div>\n\t\t\t\t\t<\/div>\n\t\t<\/section>\n\t\t\t\t<section class=\"elementor-section elementor-top-section elementor-element elementor-element-f8ac679 elementor-section-full_width elementor-section-height-default elementor-section-height-default qodef-elementor-content-no\" data-id=\"f8ac679\" data-element_type=\"section\" data-e-type=\"section\">\n\t\t\t\t\t\t<div class=\"elementor-container elementor-column-gap-default\">\n\t\t\t\t\t<div class=\"elementor-column elementor-col-66 elementor-top-column elementor-element elementor-element-79c6aba\" data-id=\"79c6aba\" data-element_type=\"column\" data-e-type=\"column\">\n\t\t\t<div class=\"elementor-widget-wrap elementor-element-populated\">\n\t\t\t\t\t\t<div class=\"elementor-element elementor-element-6de8cbd elementor-widget elementor-widget-text-editor\" data-id=\"6de8cbd\" data-element_type=\"widget\" data-e-type=\"widget\" data-widget_type=\"text-editor.default\">\n\t\t\t\t<div class=\"elementor-widget-container\">\n\t\t\t\t\t\t\t\t\t<p>Nuestro sitio web utiliza cookies propias y de terceros para obtener informaci\u00f3n sobre c\u00f3mo nuestros visitantes usan el sitio web, para optimizar, mejorar nuestro sitio web y medir el tr\u00e1fico al sitio web.<\/p>\n<p>Sin embargo, queremos informarle que nuestro sitio web no utiliza cookies de publicidad comportamental.<\/p>\n<p>A continuaci\u00f3n encontrar\u00e1 la informaci\u00f3n \u201ct\u00edpica\u201d sobre qu\u00e9 son las \u201ccookies\u201d, qu\u00e9 tipo de cookies utiliza nuestro Sitio Web, c\u00f3mo desactivar las cookies en su navegador y c\u00f3mo desactivar la instalaci\u00f3n de cookies de terceros.<\/p>\n<p><em>*Todas las palabras en may\u00fasculas tienen el mismo significado que las palabras de la Pol\u00edtica de Privacidad.<\/em><\/p>\n\t\t\t\t\t\t\t\t<\/div>\n\t\t\t\t<\/div>\n\t\t\t\t\t<\/div>\n\t\t<\/div>\n\t\t\t\t<div class=\"elementor-column elementor-col-33 elementor-top-column elementor-element elementor-element-51b23c8\" data-id=\"51b23c8\" data-element_type=\"column\" data-e-type=\"column\">\n\t\t\t<div class=\"elementor-widget-wrap\">\n\t\t\t\t\t\t\t<\/div>\n\t\t<\/div>\n\t\t\t\t\t<\/div>\n\t\t<\/section>\n\t\t\t\t<section class=\"elementor-section elementor-top-section elementor-element elementor-element-260bbf7 elementor-section-full_width elementor-section-height-default elementor-section-height-default qodef-elementor-content-no\" data-id=\"260bbf7\" data-element_type=\"section\" data-e-type=\"section\">\n\t\t\t\t\t\t<div class=\"elementor-container elementor-column-gap-default\">\n\t\t\t\t\t<div class=\"elementor-column elementor-col-66 elementor-top-column elementor-element elementor-element-6e29fec\" data-id=\"6e29fec\" data-element_type=\"column\" data-e-type=\"column\">\n\t\t\t<div class=\"elementor-widget-wrap elementor-element-populated\">\n\t\t\t\t\t\t<div class=\"elementor-element elementor-element-626e525 elementor-widget elementor-widget-heading\" data-id=\"626e525\" data-element_type=\"widget\" data-e-type=\"widget\" data-widget_type=\"heading.default\">\n\t\t\t\t<div class=\"elementor-widget-container\">\n\t\t\t\t\t<h2 class=\"elementor-heading-title elementor-size-default\">\u00bfQU\u00c9 ES UNA COOKIE?<\/h2>\t\t\t\t<\/div>\n\t\t\t\t<\/div>\n\t\t\t\t<div class=\"elementor-element elementor-element-fa6590e elementor-widget elementor-widget-text-editor\" data-id=\"fa6590e\" data-element_type=\"widget\" data-e-type=\"widget\" data-widget_type=\"text-editor.default\">\n\t\t\t\t<div class=\"elementor-widget-container\">\n\t\t\t\t\t\t\t\t\t<p>Una cookie es un peque\u00f1o archivo o fragmento de texto que un sitio web env\u00eda a su navegador y se almacena en su computadora o en cualquier otro dispositivo que contenga informaci\u00f3n de navegaci\u00f3n.<\/p>\n<p>Las cookies son esenciales para el funcionamiento de internet, aportando innumerables ventajas en la prestaci\u00f3n de servicios interactivos, facilit\u00e1ndole la navegaci\u00f3n y usabilidad de nuestra web.<\/p>\n\t\t\t\t\t\t\t\t<\/div>\n\t\t\t\t<\/div>\n\t\t\t\t\t<\/div>\n\t\t<\/div>\n\t\t\t\t<div class=\"elementor-column elementor-col-33 elementor-top-column elementor-element elementor-element-b047209\" data-id=\"b047209\" data-element_type=\"column\" data-e-type=\"column\">\n\t\t\t<div class=\"elementor-widget-wrap\">\n\t\t\t\t\t\t\t<\/div>\n\t\t<\/div>\n\t\t\t\t\t<\/div>\n\t\t<\/section>\n\t\t\t\t<section class=\"elementor-section elementor-top-section elementor-element elementor-element-e7174f3 elementor-section-full_width elementor-section-height-default elementor-section-height-default qodef-elementor-content-no\" data-id=\"e7174f3\" data-element_type=\"section\" data-e-type=\"section\">\n\t\t\t\t\t\t<div class=\"elementor-container elementor-column-gap-default\">\n\t\t\t\t\t<div class=\"elementor-column elementor-col-66 elementor-top-column elementor-element elementor-element-255b8cd\" data-id=\"255b8cd\" data-element_type=\"column\" data-e-type=\"column\">\n\t\t\t<div class=\"elementor-widget-wrap elementor-element-populated\">\n\t\t\t\t\t\t<div class=\"elementor-element elementor-element-c680f80 elementor-widget elementor-widget-heading\" data-id=\"c680f80\" data-element_type=\"widget\" data-e-type=\"widget\" data-widget_type=\"heading.default\">\n\t\t\t\t<div class=\"elementor-widget-container\">\n\t\t\t\t\t<h2 class=\"elementor-heading-title elementor-size-default\">\u00bfQU\u00c9 TIPOS DE COOKIES UTILIZA NUESTRO SITIO WEB?<\/h2>\t\t\t\t<\/div>\n\t\t\t\t<\/div>\n\t\t\t\t<div class=\"elementor-element elementor-element-d1e0661 elementor-widget elementor-widget-heading\" data-id=\"d1e0661\" data-element_type=\"widget\" data-e-type=\"widget\" data-widget_type=\"heading.default\">\n\t\t\t\t<div class=\"elementor-widget-container\">\n\t\t\t\t\t<h2 class=\"elementor-heading-title elementor-size-default\">Dependiendo de la entidad que las gestiona.<\/h2>\t\t\t\t<\/div>\n\t\t\t\t<\/div>\n\t\t\t\t<div class=\"elementor-element elementor-element-75cbcb2 elementor-widget elementor-widget-text-editor\" data-id=\"75cbcb2\" data-element_type=\"widget\" data-e-type=\"widget\" data-widget_type=\"text-editor.default\">\n\t\t\t\t<div class=\"elementor-widget-container\">\n\t\t\t\t\t\t\t\t\t<ul>\n<li>Cookies de origen: Las cookies de origen se refieren a las cookies creadas por el dominio que est\u00e1 visitando un usuario web.<\/li>\n<li>Cookies de terceros: Las cookies de terceros son aquellas que se env\u00edan al equipo del usuario desde un equipo o dominio que no es gestionado por el editor, sino por otra entidad que trata los datos obtenidos a trav\u00e9s de las cookies. Si las cookies se instalan desde un equipo o dominio gestionado por el propio editor, pero la informaci\u00f3n que se recoge a trav\u00e9s de ellas es gestionada por un tercero, no se pueden considerar cookies del editor.<\/li>\n<\/ul>\n\t\t\t\t\t\t\t\t<\/div>\n\t\t\t\t<\/div>\n\t\t\t\t<div class=\"elementor-element elementor-element-d29dc77 elementor-widget elementor-widget-heading\" data-id=\"d29dc77\" data-element_type=\"widget\" data-e-type=\"widget\" data-widget_type=\"heading.default\">\n\t\t\t\t<div class=\"elementor-widget-container\">\n\t\t\t\t\t<h2 class=\"elementor-heading-title elementor-size-default\">Dependiendo de la entidad que las gestiona.<\/h2>\t\t\t\t<\/div>\n\t\t\t\t<\/div>\n\t\t\t\t<div class=\"elementor-element elementor-element-99fad1d elementor-widget elementor-widget-text-editor\" data-id=\"99fad1d\" data-element_type=\"widget\" data-e-type=\"widget\" data-widget_type=\"text-editor.default\">\n\t\t\t\t<div class=\"elementor-widget-container\">\n\t\t\t\t\t\t\t\t\t<ul>\n<li>Cookies de sesi\u00f3n: permiten que los sitios web vinculen las acciones de un usuario durante una sesi\u00f3n de navegaci\u00f3n. Se pueden usar para una variedad de prop\u00f3sitos, como recordar lo que un usuario ha puesto en su carrito de compras mientras navega por un sitio. Tambi\u00e9n podr\u00edan usarse por seguridad cuando un usuario accede a la banca por Internet o para facilitar el uso del correo web. Estas cookies de sesi\u00f3n caducan despu\u00e9s de una sesi\u00f3n del navegador, por lo que no se almacenar\u00e1n por m\u00e1s tiempo. Por esta raz\u00f3n, las cookies de sesi\u00f3n a veces pueden considerarse menos intrusivas en la privacidad que las cookies persistentes.<\/li>\n<li>Cookies persistentes: Es un tipo de cookie donde los datos se almacenan en el terminal y pueden ser accedidos y tratados durante un periodo de tiempo determinado, que puede ir desde varios minutos hasta varios a\u00f1os.<\/li>\n<\/ul>\n\t\t\t\t\t\t\t\t<\/div>\n\t\t\t\t<\/div>\n\t\t\t\t<div class=\"elementor-element elementor-element-b357002 elementor-widget elementor-widget-heading\" data-id=\"b357002\" data-element_type=\"widget\" data-e-type=\"widget\" data-widget_type=\"heading.default\">\n\t\t\t\t<div class=\"elementor-widget-container\">\n\t\t\t\t\t<h2 class=\"elementor-heading-title elementor-size-default\">Seg\u00fan su finalidad<\/h2>\t\t\t\t<\/div>\n\t\t\t\t<\/div>\n\t\t\t\t<div class=\"elementor-element elementor-element-40ed722 elementor-widget elementor-widget-text-editor\" data-id=\"40ed722\" data-element_type=\"widget\" data-e-type=\"widget\" data-widget_type=\"text-editor.default\">\n\t\t\t\t<div class=\"elementor-widget-container\">\n\t\t\t\t\t\t\t\t\t<ul>\n<li>Cookies t\u00e9cnicas: Las cookies de este tipo son necesarias para que ciertas \u00e1reas del sitio web funcionen correctamente. Esta categor\u00eda de cookies incluye cookies persistentes y cookies de sesi\u00f3n. Si estas cookies no est\u00e1n disponibles, es posible que el Sitio o algunas \u00e1reas del mismo no funcionen correctamente. Por tanto, se utilizan siempre, independientemente de las preferencias establecidas por el usuario. Estas cookies siempre se env\u00edan desde nuestro dominio.<\/li>\n<li>Cookies de personalizaci\u00f3n: Son aqu\u00e9llas que permiten al usuario acceder a los servicios con algunas caracter\u00edsticas de car\u00e1cter general predefinidas en funci\u00f3n de una serie de criterios en el terminal del usuario, como por ejemplo, la configuraci\u00f3n del idioma al crear su cuenta.<br \/>Cookies de an\u00e1lisis: Estas cookies son gestionadas por nosotros o por terceros; nos permiten contar el n\u00famero de usuarios y obtener mediciones y an\u00e1lisis estad\u00edsticos de c\u00f3mo los usuarios usan nuestro Sitio. Para ello analizamos la navegaci\u00f3n en nuestro Sitio con el objetivo de mejorar la oferta de productos y servicios que le ofrecemos.<\/li>\n<li>Cookies de publicidad comportamental: De nuevo, NO utilizamos este tipo de cookies. No obstante, queremos explicarte que estas cookies almacenan informaci\u00f3n del comportamiento de los usuarios obtenida a trav\u00e9s de la observaci\u00f3n continuada de sus h\u00e1bitos de navegaci\u00f3n, lo que permite desarrollar un perfil espec\u00edfico y mostrar publicidad adecuada a dicho perfil.<\/li>\n<\/ul>\n\t\t\t\t\t\t\t\t<\/div>\n\t\t\t\t<\/div>\n\t\t\t\t\t<\/div>\n\t\t<\/div>\n\t\t\t\t<div class=\"elementor-column elementor-col-33 elementor-top-column elementor-element elementor-element-94f2204\" data-id=\"94f2204\" data-element_type=\"column\" data-e-type=\"column\">\n\t\t\t<div class=\"elementor-widget-wrap\">\n\t\t\t\t\t\t\t<\/div>\n\t\t<\/div>\n\t\t\t\t\t<\/div>\n\t\t<\/section>\n\t\t\t\t<section class=\"elementor-section elementor-top-section elementor-element elementor-element-45029d0 elementor-section-full_width elementor-section-height-default elementor-section-height-default qodef-elementor-content-no\" data-id=\"45029d0\" data-element_type=\"section\" data-e-type=\"section\">\n\t\t\t\t\t\t<div class=\"elementor-container elementor-column-gap-default\">\n\t\t\t\t\t<div class=\"elementor-column elementor-col-66 elementor-top-column elementor-element elementor-element-7e4e4b7\" data-id=\"7e4e4b7\" data-element_type=\"column\" data-e-type=\"column\">\n\t\t\t<div class=\"elementor-widget-wrap elementor-element-populated\">\n\t\t\t\t\t\t<div class=\"elementor-element elementor-element-3194c81 elementor-widget elementor-widget-heading\" data-id=\"3194c81\" data-element_type=\"widget\" data-e-type=\"widget\" data-widget_type=\"heading.default\">\n\t\t\t\t<div class=\"elementor-widget-container\">\n\t\t\t\t\t<h2 class=\"elementor-heading-title elementor-size-default\">SU CONSENTIMIENTO PARA UTILIZAR COOKIES ANAL\u00cdTICAS<\/h2>\t\t\t\t<\/div>\n\t\t\t\t<\/div>\n\t\t\t\t<div class=\"elementor-element elementor-element-70795e7 elementor-widget elementor-widget-text-editor\" data-id=\"70795e7\" data-element_type=\"widget\" data-e-type=\"widget\" data-widget_type=\"text-editor.default\">\n\t\t\t\t<div class=\"elementor-widget-container\">\n\t\t\t\t\t\t\t\t\t<p>Solo utilizamos cookies de an\u00e1lisis propias y de terceros si nos das tu consentimiento. No obstante, le informamos que su consentimiento tiene una vigencia no mayor a 24 meses.<\/p>\n<p>Durante este tiempo, sus preferencias pueden almacenarse para que no se le solicite configurarlas nuevamente cada vez que visitan la p\u00e1gina correspondiente.<\/p>\n\t\t\t\t\t\t\t\t<\/div>\n\t\t\t\t<\/div>\n\t\t\t\t\t<\/div>\n\t\t<\/div>\n\t\t\t\t<div class=\"elementor-column elementor-col-33 elementor-top-column elementor-element elementor-element-76d1846\" data-id=\"76d1846\" data-element_type=\"column\" data-e-type=\"column\">\n\t\t\t<div class=\"elementor-widget-wrap\">\n\t\t\t\t\t\t\t<\/div>\n\t\t<\/div>\n\t\t\t\t\t<\/div>\n\t\t<\/section>\n\t\t\t\t<section class=\"elementor-section elementor-top-section elementor-element elementor-element-39610a9 elementor-section-full_width elementor-section-height-default elementor-section-height-default qodef-elementor-content-no\" data-id=\"39610a9\" data-element_type=\"section\" data-e-type=\"section\">\n\t\t\t\t\t\t<div class=\"elementor-container elementor-column-gap-default\">\n\t\t\t\t\t<div class=\"elementor-column elementor-col-66 elementor-top-column elementor-element elementor-element-7ef502d\" data-id=\"7ef502d\" data-element_type=\"column\" data-e-type=\"column\">\n\t\t\t<div class=\"elementor-widget-wrap elementor-element-populated\">\n\t\t\t\t\t\t<div class=\"elementor-element elementor-element-e750b14 elementor-widget elementor-widget-heading\" data-id=\"e750b14\" data-element_type=\"widget\" data-e-type=\"widget\" data-widget_type=\"heading.default\">\n\t\t\t\t<div class=\"elementor-widget-container\">\n\t\t\t\t\t<h2 class=\"elementor-heading-title elementor-size-default\">\u00bfC\u00d3MO CAMBIAR SU CONFIGURACI\u00d3N DE COOKIES?<\/h2>\t\t\t\t<\/div>\n\t\t\t\t<\/div>\n\t\t\t\t<div class=\"elementor-element elementor-element-ef2d66e elementor-widget elementor-widget-text-editor\" data-id=\"ef2d66e\" data-element_type=\"widget\" data-e-type=\"widget\" data-widget_type=\"text-editor.default\">\n\t\t\t\t<div class=\"elementor-widget-container\">\n\t\t\t\t\t\t\t\t\t<p>Utilice las opciones de su navegador web si no desea recibir una cookie o si desea configurar su navegador para que le notifique cuando reciba una cookie.<br \/>Puede eliminar y administrar f\u00e1cilmente cualquier cookie que se haya instalado en la carpeta de cookies de su navegador siguiendo las instrucciones proporcionadas por el fabricante de su navegador en particular.<\/p>\n<p>Para encontrar informaci\u00f3n relacionada con otros navegadores, visite el sitio web del desarrollador del navegador.<\/p>\n<p>Para proporcionar a los visitantes del sitio web m\u00e1s opciones sobre c\u00f3mo Google Analytics recopila sus datos, Google ha desarrollado un complemento de exclusi\u00f3n del navegador, que est\u00e1 disponible<strong><a href=\"https:\/\/tools.google.com\/dlpage\/gaoptout\" target=\"_blank\" rel=\"noopener\">aqu\u00ed<\/a>.<\/strong><\/p>\n\t\t\t\t\t\t\t\t<\/div>\n\t\t\t\t<\/div>\n\t\t\t\t\t<\/div>\n\t\t<\/div>\n\t\t\t\t<div class=\"elementor-column elementor-col-33 elementor-top-column elementor-element elementor-element-20df565\" data-id=\"20df565\" data-element_type=\"column\" data-e-type=\"column\">\n\t\t\t<div class=\"elementor-widget-wrap\">\n\t\t\t\t\t\t\t<\/div>\n\t\t<\/div>\n\t\t\t\t\t<\/div>\n\t\t<\/section>\n\t\t\t\t<\/div>\n\t\t","protected":false},"excerpt":{"rendered":"<p>Cookies Nuestro sitio web utiliza cookies propias y de terceros para obtener informaci\u00f3n sobre c\u00f3mo nuestros visitantes usan el sitio web, para optimizar, mejorar nuestro sitio web y medir el tr\u00e1fico al sitio web. Sin embargo, queremos informarle que nuestro sitio web no utiliza cookies de publicidad comportamental. A continuaci\u00f3n encontrar\u00e1 la informaci\u00f3n \u201ct\u00edpica\u201d sobre [&hellip;]<\/p>\n","protected":false},"author":3,"featured_media":0,"parent":0,"menu_order":0,"comment_status":"closed","ping_status":"closed","template":"","meta":{"footnotes":""},"class_list":["post-12212","page","type-page","status-publish","hentry"],"_links":{"self":[{"href":"https:\/\/www.eximcargo.com\/es\/wp-json\/wp\/v2\/pages\/12212","targetHints":{"allow":["GET"]}}],"collection":[{"href":"https:\/\/www.eximcargo.com\/es\/wp-json\/wp\/v2\/pages"}],"about":[{"href":"https:\/\/www.eximcargo.com\/es\/wp-json\/wp\/v2\/types\/page"}],"author":[{"embeddable":true,"href":"https:\/\/www.eximcargo.com\/es\/wp-json\/wp\/v2\/users\/3"}],"replies":[{"embeddable":true,"href":"https:\/\/www.eximcargo.com\/es\/wp-json\/wp\/v2\/comments?post=12212"}],"version-history":[{"count":1,"href":"https:\/\/www.eximcargo.com\/es\/wp-json\/wp\/v2\/pages\/12212\/revisions"}],"predecessor-version":[{"id":12213,"href":"https:\/\/www.eximcargo.com\/es\/wp-json\/wp\/v2\/pages\/12212\/revisions\/12213"}],"wp:attachment":[{"href":"https:\/\/www.eximcargo.com\/es\/wp-json\/wp\/v2\/media?parent=12212"}],"curies":[{"name":"wp","href":"https:\/\/api.w.org\/{rel}","templated":true}]}}